{"id":59,"date":"2022-03-15T21:59:43","date_gmt":"2022-03-15T21:59:43","guid":{"rendered":"https:\/\/alhama.net\/portal\/?page_id=59"},"modified":"2022-03-15T23:25:07","modified_gmt":"2022-03-15T23:25:07","slug":"colaboradores","status":"publish","type":"page","link":"https:\/\/alhama.net\/portal\/?page_id=59","title":{"rendered":"Colaboradores"},"content":{"rendered":"<p><strong>Este espacio es similiar a DropBox<\/strong><\/p>\n<ul>\n<li>Los colaboradores de <strong>alhama.com<\/strong> tienen un espacio para subir archivos, documentos y fotos.<\/li>\n<li>Los colaboradores que ten\u00edan documentos en el antiguo servidor de la redacci\u00f3n de <strong>alhama.com<\/strong>, pueden acceder a los mismos desde la direcci\u00f3n:<\/li>\n<\/ul>\n<p>\u2013 <a href=\"https:\/\/alhama.net\/usuarios\/vfm\" target=\"_blank\" rel=\"noopener\">https:\/\/alhama.net\/usuarios\/vfm<\/a><\/p>\n<p><span style=\"color: #993300;\"><strong>Tienen datos disponibles para ver, dejar o elinimar<\/strong><\/span>:<br \/>\n&#8211; Alfredo Salgado<br \/>\n&#8211; Antonio Arenas<br \/>\n&#8211; Juan Cabezas<br \/>\n&#8211; Pedro Mart\u00edn<br \/>\n&#8211; Ra\u00fal G\u00e1lvez<\/p>\n<p><strong>Espacio creado para<\/strong>:<br \/>\n&#8211; Pablo Ruiz<br \/>\n&#8211; Jes\u00fas P\u00e9rez<br \/>\n&#8211; Antonio Gordo<br \/>\n&#8211; Prudencio Gordo<br \/>\n&#8230;y cualquiera que lo solicite, siempre que sea colaborador.<\/p>\n<p><span style=\"font-size: 18pt;\"><strong>ACCESO<\/strong><\/span><br \/>\n&#8211; Para acceder hay que tener nombre y contrase\u00f1a.<br \/>\n&#8211; Los que ya tienen espacio tienen que facilitarle a Juan una contrase\u00f1a y podr\u00e1n acceder directamente a sus archivos.<br \/>\n&#8211; Los que no tienen espacio igualmente facilitan una contrase\u00f1a y se les crea el acceso, ya que no se pueden crear de forma autom\u00e1tica, s\u00f3lo mediante petici\u00f3n, ya que es s\u00f3lo para los colaboradores.<\/p>\n<p>&nbsp;<\/p>\n<p>&nbsp;<\/p>\n","protected":false},"excerpt":{"rendered":"<p>Este espacio es similiar a DropBox Los colaboradores de alhama.com tienen un espacio para subir archivos, documentos y fotos. Los colaboradores que ten\u00edan documentos en &hellip; <\/p>\n","protected":false},"author":1,"featured_media":0,"parent":0,"menu_order":0,"comment_status":"closed","ping_status":"closed","template":"","meta":{"footnotes":""},"class_list":["post-59","page","type-page","status-publish","hentry"],"_links":{"self":[{"href":"https:\/\/alhama.net\/portal\/index.php?rest_route=\/wp\/v2\/pages\/59","targetHints":{"allow":["GET"]}}],"collection":[{"href":"https:\/\/alhama.net\/portal\/index.php?rest_route=\/wp\/v2\/pages"}],"about":[{"href":"https:\/\/alhama.net\/portal\/index.php?rest_route=\/wp\/v2\/types\/page"}],"author":[{"embeddable":true,"href":"https:\/\/alhama.net\/portal\/index.php?rest_route=\/wp\/v2\/users\/1"}],"replies":[{"embeddable":true,"href":"https:\/\/alhama.net\/portal\/index.php?rest_route=%2Fwp%2Fv2%2Fcomments&post=59"}],"version-history":[{"count":6,"href":"https:\/\/alhama.net\/portal\/index.php?rest_route=\/wp\/v2\/pages\/59\/revisions"}],"predecessor-version":[{"id":70,"href":"https:\/\/alhama.net\/portal\/index.php?rest_route=\/wp\/v2\/pages\/59\/revisions\/70"}],"wp:attachment":[{"href":"https:\/\/alhama.net\/portal\/index.php?rest_route=%2Fwp%2Fv2%2Fmedia&parent=59"}],"curies":[{"name":"wp","href":"https:\/\/api.w.org\/{rel}","templated":true}]}}